{"id":2,"date":"2023-03-16T17:20:47","date_gmt":"2023-03-16T17:20:47","guid":{"rendered":"https:\/\/www.colectivoayekantun.cl\/?page_id=2"},"modified":"2023-10-27T21:07:39","modified_gmt":"2023-10-27T21:07:39","slug":"sample-page","status":"publish","type":"page","link":"https:\/\/www.colectivoayekantun.cl\/","title":{"rendered":"Colectivo Ayekantun"},"content":{"rendered":"<h2 style=\"text-align: center;\"><span style=\"color: #003366;\">AFLUENTES DEL RAWE<\/span><img loading=\"lazy\" decoding=\"async\" class=\"aligncenter wp-image-315 size-large\" src=\"https:\/\/www.colectivoayekantun.cl\/wp-content\/uploads\/2023\/10\/afiche_iconos-914x1024.jpg\" alt=\"\" width=\"914\" height=\"1024\" srcset=\"https:\/\/www.colectivoayekantun.cl\/wp-content\/uploads\/2023\/10\/afiche_iconos-914x1024.jpg 914w, https:\/\/www.colectivoayekantun.cl\/wp-content\/uploads\/2023\/10\/afiche_iconos-268x300.jpg 268w, https:\/\/www.colectivoayekantun.cl\/wp-content\/uploads\/2023\/10\/afiche_iconos-768x861.jpg 768w, https:\/\/www.colectivoayekantun.cl\/wp-content\/uploads\/2023\/10\/afiche_iconos-1370x1536.jpg 1370w, https:\/\/www.colectivoayekantun.cl\/wp-content\/uploads\/2023\/10\/afiche_iconos-1827x2048.jpg 1827w\" sizes=\"auto, (max-width: 914px) 100vw, 914px\" \/><\/h2>\r\n<h2 style=\"text-align: center;\"><strong><span style=\"color: #008000;\">PROGRAMACI\u00d3N<br \/><\/span><\/strong><\/h2>\r\n<div dir=\"ltr\" data-mode=\"id\">\u00a0<\/div>\r\n<div class=\"n2_ss_slider_publish__option_code\" dir=\"ltr\" style=\"text-align: center;\" data-mode=\"id\"><style>#jtg-334 .modula-item .jtg-social a, .lightbox-socials.jtg-social a{ color: #ffffff }#jtg-334 .modula-item .jtg-social svg, .lightbox-socials.jtg-social svg { height: 16px; width: 16px }#jtg-334 .modula-item .jtg-social a:not(:last-child), .lightbox-socials.jtg-social a:not(:last-child) { margin-right: 10px }#jtg-334 .modula-item .figc {color:#ffffff;}#jtg-334 .modula-item .modula-item-content { transform: scale(1) }#jtg-334 .modula-items .figc p.description { font-size:14px; }#jtg-334 .modula-items .figc p.description { color:#ffffff;}#jtg-334.modula-gallery .modula-item > a, #jtg-334.modula-gallery .modula-item, #jtg-334.modula-gallery .modula-item-content > a:not(.modula-no-follow) { cursor:zoom-in; } #jtg-334.modula-gallery .modula-item-content .modula-no-follow { cursor: default; } @media screen and (max-width:480px){#jtg-334 .modula-item .figc .jtg-title {  font-size: 12px; }#jtg-334 .modula-items .figc p.description { color:#ffffff;font-size:10px; }}<\/style>\n<!-- Gallery Container -->\n<div  id=\"jtg-334\" class=\"modula modula-gallery modula-custom-grid\" data-config=\"{&quot;height&quot;:0,&quot;tabletHeight&quot;:0,&quot;mobileHeight&quot;:0,&quot;desktopHeight&quot;:0,&quot;enableTwitter&quot;:false,&quot;enableWhatsapp&quot;:false,&quot;enableFacebook&quot;:false,&quot;enablePinterest&quot;:false,&quot;enableLinkedin&quot;:false,&quot;enableEmail&quot;:false,&quot;randomFactor&quot;:0,&quot;type&quot;:&quot;custom-grid&quot;,&quot;columns&quot;:12,&quot;gutter&quot;:10,&quot;mobileGutter&quot;:10,&quot;tabletGutter&quot;:10,&quot;desktopGutter&quot;:10,&quot;enableResponsive&quot;:&quot;0&quot;,&quot;tabletColumns&quot;:&quot;2&quot;,&quot;mobileColumns&quot;:&quot;1&quot;,&quot;lazyLoad&quot;:&quot;1&quot;,&quot;lightboxOpts&quot;:{&quot;loop&quot;:false,&quot;arrows&quot;:true,&quot;toolbar&quot;:true,&quot;keyboard&quot;:false,&quot;wheel&quot;:false,&quot;buttons&quot;:[&quot;close&quot;],&quot;hash&quot;:false,&quot;lang&quot;:&quot;en&quot;,&quot;touch&quot;:false,&quot;protect&quot;:false,&quot;i18n&quot;:{&quot;en&quot;:{&quot;CLOSE&quot;:&quot;Close&quot;,&quot;NEXT&quot;:&quot;Next&quot;,&quot;PREV&quot;:&quot;Previous&quot;,&quot;Error&quot;:&quot;The requested content cannot be loaded. Please try again later.&quot;,&quot;PLAY_START&quot;:&quot;Start slideshow&quot;,&quot;PLAY_STOP&quot;:&quot;Pause slideshow&quot;,&quot;FULL_SCREEN&quot;:&quot;Full screen&quot;,&quot;THUMBS&quot;:&quot;Thumbnails&quot;,&quot;DOWNLOAD&quot;:&quot;Download&quot;,&quot;SHARE&quot;:&quot;Share&quot;,&quot;ZOOM&quot;:&quot;Zoom&quot;}},&quot;clickSlide&quot;:false,&quot;clickOutside&quot;:false,&quot;dblclickContent&quot;:false,&quot;dblclickSlide&quot;:false,&quot;dblclickOutside&quot;:false,&quot;clickContent&quot;:false,&quot;baseTpl&quot;:&quot;&lt;div class=\\&quot;modula-fancybox-container modula-lightbox-jtg-334\\&quot; role=\\&quot;dialog\\&quot; tabindex=\\&quot;-1\\&quot;&gt;&lt;div class=\\&quot;modula-fancybox-bg\\&quot;&gt;&lt;\\\/div&gt;&lt;div class=\\&quot;modula-fancybox-inner\\&quot;&gt;&lt;div class=\\&quot;modula-fancybox-infobar\\&quot;&gt;&lt;span data-fancybox-index&gt;&lt;\\\/span&gt;&nbsp;\\\/&nbsp;&lt;span data-fancybox-count&gt;&lt;\\\/span&gt;&lt;\\\/div&gt;&lt;div class=\\&quot;modula-fancybox-toolbar\\&quot;&gt;{{buttons}}&lt;\\\/div&gt;&lt;div class=\\&quot;modula-fancybox-navigation\\&quot;&gt;{{arrows}}&lt;\\\/div&gt;&lt;div class=\\&quot;modula-fancybox-stage\\&quot;&gt;&lt;\\\/div&gt;&lt;div class=\\&quot;modula-fancybox-caption\\&quot;&gt;&lt;div class=\\&quot;modula-fancybox-caption__body\\&quot;&gt;&lt;\\\/div&gt;&lt;\\\/div&gt;&lt;\\\/div&gt;&lt;\\\/div&gt;&quot;},&quot;inView&quot;:false,&quot;email_subject&quot;:&quot;Check out this awesome image !!&quot;,&quot;email_message&quot;:&quot;Here is the link to the image : %%image_link%% and this is the link to the gallery : %%gallery_link%%&quot;,&quot;lightbox&quot;:&quot;fancybox&quot;}\">\n\n\t\n\t<!-- Items Container -->\n\t<div  class=\"modula-items\">\n\t\t<div class=\"modula-item effect-pufrobo\" data-width=\"2\" data-height=\"2\" >\n\t<div class=\"modula-item-overlay\"><\/div>\n\n\t<div class=\"modula-item-content\">\n\n\t\t\t\t\n\t\t\t\t\t<a data-image-id=\"344\" rel=\"jtg-334\" data-caption=\"\" aria-label=\"Open image in lightbox\" class=\"tile-inner modula-item-link\"><\/a>\n\t\t\n\t\t<img class=\"pic wp-image-344 lazyload\"  data-valign=\"middle\" data-halign=\"center\" alt=\"\" data-full=\"https:\/\/www.colectivoayekantun.cl\/wp-content\/uploads\/2023\/10\/diadelainfancia-2.png\" title=\"diadelainfancia\" width=\"300\" height=\"300\" data-src=\"https:\/\/www.colectivoayekantun.cl\/wp-content\/uploads\/2023\/10\/diadelainfancia-2-300x300.png\" data-caption=\"\" data-source=\"modula\" data-srcset=\"https:\/\/www.colectivoayekantun.cl\/wp-content\/uploads\/2023\/10\/diadelainfancia-2-300x300.png 300w, https:\/\/www.colectivoayekantun.cl\/wp-content\/uploads\/2023\/10\/diadelainfancia-2-150x150.png 150w, https:\/\/www.colectivoayekantun.cl\/wp-content\/uploads\/2023\/10\/diadelainfancia-2-768x768.png 768w, https:\/\/www.colectivoayekantun.cl\/wp-content\/uploads\/2023\/10\/diadelainfancia-2-600x600.png 600w, https:\/\/www.colectivoayekantun.cl\/wp-content\/uploads\/2023\/10\/diadelainfancia-2.png 900w\" data-sizes=\"(max-width: 300px) 100vw, 300px\" srcset=\"https:\/\/www.colectivoayekantun.cl\/wp-content\/uploads\/2023\/10\/diadelainfancia-2-300x300.png 300w, https:\/\/www.colectivoayekantun.cl\/wp-content\/uploads\/2023\/10\/diadelainfancia-2-150x150.png 150w, https:\/\/www.colectivoayekantun.cl\/wp-content\/uploads\/2023\/10\/diadelainfancia-2-768x768.png 768w, https:\/\/www.colectivoayekantun.cl\/wp-content\/uploads\/2023\/10\/diadelainfancia-2-600x600.png 600w, https:\/\/www.colectivoayekantun.cl\/wp-content\/uploads\/2023\/10\/diadelainfancia-2.png 900w\" sizes=\"(max-width: 300px) 100vw, 300px\" \/>\n\t\t<div class=\"figc no-description\">\n\t\t\t<div class=\"figc-inner\">\n\t\t\t\t\t\t\t\t\t\t\t\t\t\t\t<\/div>\n\t\t<\/div>\n\n\t<\/div>\n\n<\/div><div class=\"modula-item effect-pufrobo\" data-width=\"2\" data-height=\"2\" >\n\t<div class=\"modula-item-overlay\"><\/div>\n\n\t<div class=\"modula-item-content\">\n\n\t\t\t\t\n\t\t\t\t\t<a data-image-id=\"326\" rel=\"jtg-334\" data-caption=\"\" aria-label=\"Open image in lightbox\" class=\"tile-inner modula-item-link\"><\/a>\n\t\t\n\t\t<img class=\"pic wp-image-326 lazyload\"  data-valign=\"middle\" data-halign=\"center\" alt=\"\" data-full=\"https:\/\/www.colectivoayekantun.cl\/wp-content\/uploads\/2023\/10\/diadelasculturasancestrales.png\" title=\"D\u00eda de las Culturales Ancestrales \u00b7 Mi\u00e9rcoles 1 de noviembre\" width=\"300\" height=\"300\" data-src=\"https:\/\/www.colectivoayekantun.cl\/wp-content\/uploads\/2023\/10\/diadelasculturasancestrales-300x300.png\" data-caption=\"\" data-source=\"modula\" data-srcset=\"https:\/\/www.colectivoayekantun.cl\/wp-content\/uploads\/2023\/10\/diadelasculturasancestrales-300x300.png 300w, https:\/\/www.colectivoayekantun.cl\/wp-content\/uploads\/2023\/10\/diadelasculturasancestrales-150x150.png 150w, https:\/\/www.colectivoayekantun.cl\/wp-content\/uploads\/2023\/10\/diadelasculturasancestrales-768x768.png 768w, https:\/\/www.colectivoayekantun.cl\/wp-content\/uploads\/2023\/10\/diadelasculturasancestrales-600x600.png 600w, https:\/\/www.colectivoayekantun.cl\/wp-content\/uploads\/2023\/10\/diadelasculturasancestrales.png 900w\" data-sizes=\"(max-width: 300px) 100vw, 300px\" srcset=\"https:\/\/www.colectivoayekantun.cl\/wp-content\/uploads\/2023\/10\/diadelasculturasancestrales-300x300.png 300w, https:\/\/www.colectivoayekantun.cl\/wp-content\/uploads\/2023\/10\/diadelasculturasancestrales-150x150.png 150w, https:\/\/www.colectivoayekantun.cl\/wp-content\/uploads\/2023\/10\/diadelasculturasancestrales-768x768.png 768w, https:\/\/www.colectivoayekantun.cl\/wp-content\/uploads\/2023\/10\/diadelasculturasancestrales-600x600.png 600w, https:\/\/www.colectivoayekantun.cl\/wp-content\/uploads\/2023\/10\/diadelasculturasancestrales.png 900w\" sizes=\"(max-width: 300px) 100vw, 300px\" \/>\n\t\t<div class=\"figc no-description\">\n\t\t\t<div class=\"figc-inner\">\n\t\t\t\t\t\t\t\t\t\t\t\t\t\t\t<\/div>\n\t\t<\/div>\n\n\t<\/div>\n\n<\/div><div class=\"modula-item effect-pufrobo\" data-width=\"2\" data-height=\"2\" >\n\t<div class=\"modula-item-overlay\"><\/div>\n\n\t<div class=\"modula-item-content\">\n\n\t\t\t\t\n\t\t\t\t\t<a data-image-id=\"329\" rel=\"jtg-334\" data-caption=\"\" aria-label=\"Open image in lightbox\" class=\"tile-inner modula-item-link\"><\/a>\n\t\t\n\t\t<img class=\"pic wp-image-329 lazyload\"  data-valign=\"middle\" data-halign=\"center\" alt=\"\" data-full=\"https:\/\/www.colectivoayekantun.cl\/wp-content\/uploads\/2023\/10\/diadelmedioambiente.png\" title=\"D\u00eda del Medio Ambiente \u00b7 Mi\u00e9rcoles 1 de noviembre\" width=\"300\" height=\"300\" data-src=\"https:\/\/www.colectivoayekantun.cl\/wp-content\/uploads\/2023\/10\/diadelmedioambiente-300x300.png\" data-caption=\"\" data-source=\"modula\" data-srcset=\"https:\/\/www.colectivoayekantun.cl\/wp-content\/uploads\/2023\/10\/diadelmedioambiente-300x300.png 300w, https:\/\/www.colectivoayekantun.cl\/wp-content\/uploads\/2023\/10\/diadelmedioambiente-150x150.png 150w, https:\/\/www.colectivoayekantun.cl\/wp-content\/uploads\/2023\/10\/diadelmedioambiente-768x768.png 768w, https:\/\/www.colectivoayekantun.cl\/wp-content\/uploads\/2023\/10\/diadelmedioambiente-600x600.png 600w, https:\/\/www.colectivoayekantun.cl\/wp-content\/uploads\/2023\/10\/diadelmedioambiente.png 900w\" data-sizes=\"(max-width: 300px) 100vw, 300px\" srcset=\"https:\/\/www.colectivoayekantun.cl\/wp-content\/uploads\/2023\/10\/diadelmedioambiente-300x300.png 300w, https:\/\/www.colectivoayekantun.cl\/wp-content\/uploads\/2023\/10\/diadelmedioambiente-150x150.png 150w, https:\/\/www.colectivoayekantun.cl\/wp-content\/uploads\/2023\/10\/diadelmedioambiente-768x768.png 768w, https:\/\/www.colectivoayekantun.cl\/wp-content\/uploads\/2023\/10\/diadelmedioambiente-600x600.png 600w, https:\/\/www.colectivoayekantun.cl\/wp-content\/uploads\/2023\/10\/diadelmedioambiente.png 900w\" sizes=\"(max-width: 300px) 100vw, 300px\" \/>\n\t\t<div class=\"figc no-description\">\n\t\t\t<div class=\"figc-inner\">\n\t\t\t\t\t\t\t\t\t\t\t\t\t\t\t<\/div>\n\t\t<\/div>\n\n\t<\/div>\n\n<\/div><div class=\"modula-item effect-pufrobo\" data-width=\"2\" data-height=\"2\" >\n\t<div class=\"modula-item-overlay\"><\/div>\n\n\t<div class=\"modula-item-content\">\n\n\t\t\t\t\n\t\t\t\t\t<a data-image-id=\"327\" rel=\"jtg-334\" data-caption=\"\" aria-label=\"Open image in lightbox\" class=\"tile-inner modula-item-link\"><\/a>\n\t\t\n\t\t<img class=\"pic wp-image-327 lazyload\"  data-valign=\"middle\" data-halign=\"center\" alt=\"\" data-full=\"https:\/\/www.colectivoayekantun.cl\/wp-content\/uploads\/2023\/10\/diadelhiphop.png\" title=\"D\u00eda del Hip Hop \u00b7 Viernes 3 de noviembre\" width=\"300\" height=\"300\" data-src=\"https:\/\/www.colectivoayekantun.cl\/wp-content\/uploads\/2023\/10\/diadelhiphop-300x300.png\" data-caption=\"\" data-source=\"modula\" data-srcset=\"https:\/\/www.colectivoayekantun.cl\/wp-content\/uploads\/2023\/10\/diadelhiphop-300x300.png 300w, https:\/\/www.colectivoayekantun.cl\/wp-content\/uploads\/2023\/10\/diadelhiphop-150x150.png 150w, https:\/\/www.colectivoayekantun.cl\/wp-content\/uploads\/2023\/10\/diadelhiphop-768x768.png 768w, https:\/\/www.colectivoayekantun.cl\/wp-content\/uploads\/2023\/10\/diadelhiphop-600x600.png 600w, https:\/\/www.colectivoayekantun.cl\/wp-content\/uploads\/2023\/10\/diadelhiphop.png 900w\" data-sizes=\"(max-width: 300px) 100vw, 300px\" srcset=\"https:\/\/www.colectivoayekantun.cl\/wp-content\/uploads\/2023\/10\/diadelhiphop-300x300.png 300w, https:\/\/www.colectivoayekantun.cl\/wp-content\/uploads\/2023\/10\/diadelhiphop-150x150.png 150w, https:\/\/www.colectivoayekantun.cl\/wp-content\/uploads\/2023\/10\/diadelhiphop-768x768.png 768w, https:\/\/www.colectivoayekantun.cl\/wp-content\/uploads\/2023\/10\/diadelhiphop-600x600.png 600w, https:\/\/www.colectivoayekantun.cl\/wp-content\/uploads\/2023\/10\/diadelhiphop.png 900w\" sizes=\"(max-width: 300px) 100vw, 300px\" \/>\n\t\t<div class=\"figc no-description\">\n\t\t\t<div class=\"figc-inner\">\n\t\t\t\t\t\t\t\t\t\t\t\t\t\t\t<\/div>\n\t\t<\/div>\n\n\t<\/div>\n\n<\/div><div class=\"modula-item effect-pufrobo\" data-width=\"2\" data-height=\"2\" >\n\t<div class=\"modula-item-overlay\"><\/div>\n\n\t<div class=\"modula-item-content\">\n\n\t\t\t\t\n\t\t\t\t\t<a data-image-id=\"328\" rel=\"jtg-334\" data-caption=\"\" aria-label=\"Open image in lightbox\" class=\"tile-inner modula-item-link\"><\/a>\n\t\t\n\t\t<img class=\"pic wp-image-328 lazyload\"  data-valign=\"middle\" data-halign=\"center\" alt=\"\" data-full=\"https:\/\/www.colectivoayekantun.cl\/wp-content\/uploads\/2023\/10\/diadellasartesylosoficios.png\" title=\"D\u00eda de los Artes &amp;amp; Oficios \u00b7 S\u00e1bado 4 de noviembre\" width=\"300\" height=\"300\" data-src=\"https:\/\/www.colectivoayekantun.cl\/wp-content\/uploads\/2023\/10\/diadellasartesylosoficios-300x300.png\" data-caption=\"\" data-source=\"modula\" data-srcset=\"https:\/\/www.colectivoayekantun.cl\/wp-content\/uploads\/2023\/10\/diadellasartesylosoficios-300x300.png 300w, https:\/\/www.colectivoayekantun.cl\/wp-content\/uploads\/2023\/10\/diadellasartesylosoficios-150x150.png 150w, https:\/\/www.colectivoayekantun.cl\/wp-content\/uploads\/2023\/10\/diadellasartesylosoficios-768x768.png 768w, https:\/\/www.colectivoayekantun.cl\/wp-content\/uploads\/2023\/10\/diadellasartesylosoficios-600x600.png 600w, https:\/\/www.colectivoayekantun.cl\/wp-content\/uploads\/2023\/10\/diadellasartesylosoficios.png 900w\" data-sizes=\"(max-width: 300px) 100vw, 300px\" srcset=\"https:\/\/www.colectivoayekantun.cl\/wp-content\/uploads\/2023\/10\/diadellasartesylosoficios-300x300.png 300w, https:\/\/www.colectivoayekantun.cl\/wp-content\/uploads\/2023\/10\/diadellasartesylosoficios-150x150.png 150w, https:\/\/www.colectivoayekantun.cl\/wp-content\/uploads\/2023\/10\/diadellasartesylosoficios-768x768.png 768w, https:\/\/www.colectivoayekantun.cl\/wp-content\/uploads\/2023\/10\/diadellasartesylosoficios-600x600.png 600w, https:\/\/www.colectivoayekantun.cl\/wp-content\/uploads\/2023\/10\/diadellasartesylosoficios.png 900w\" sizes=\"(max-width: 300px) 100vw, 300px\" \/>\n\t\t<div class=\"figc no-description\">\n\t\t\t<div class=\"figc-inner\">\n\t\t\t\t\t\t\t\t\t\t\t\t\t\t\t<\/div>\n\t\t<\/div>\n\n\t<\/div>\n\n<\/div><div class=\"modula-item effect-pufrobo\" data-width=\"2\" data-height=\"2\" >\n\t<div class=\"modula-item-overlay\"><\/div>\n\n\t<div class=\"modula-item-content\">\n\n\t\t\t\t\n\t\t\t\t\t<a data-image-id=\"343\" rel=\"jtg-334\" data-caption=\"\" aria-label=\"Open image in lightbox\" class=\"tile-inner modula-item-link\"><\/a>\n\t\t\n\t\t<img class=\"pic wp-image-343 lazyload\"  data-valign=\"middle\" data-halign=\"center\" alt=\"\" data-full=\"https:\/\/www.colectivoayekantun.cl\/wp-content\/uploads\/2023\/10\/colaboraciones-1.png\" title=\"colaboraciones\" width=\"300\" height=\"300\" data-src=\"https:\/\/www.colectivoayekantun.cl\/wp-content\/uploads\/2023\/10\/colaboraciones-1-300x300.png\" data-caption=\"\" data-source=\"modula\" data-srcset=\"https:\/\/www.colectivoayekantun.cl\/wp-content\/uploads\/2023\/10\/colaboraciones-1-300x300.png 300w, https:\/\/www.colectivoayekantun.cl\/wp-content\/uploads\/2023\/10\/colaboraciones-1-150x150.png 150w, https:\/\/www.colectivoayekantun.cl\/wp-content\/uploads\/2023\/10\/colaboraciones-1-768x768.png 768w, https:\/\/www.colectivoayekantun.cl\/wp-content\/uploads\/2023\/10\/colaboraciones-1-600x600.png 600w, https:\/\/www.colectivoayekantun.cl\/wp-content\/uploads\/2023\/10\/colaboraciones-1.png 900w\" data-sizes=\"(max-width: 300px) 100vw, 300px\" srcset=\"https:\/\/www.colectivoayekantun.cl\/wp-content\/uploads\/2023\/10\/colaboraciones-1-300x300.png 300w, https:\/\/www.colectivoayekantun.cl\/wp-content\/uploads\/2023\/10\/colaboraciones-1-150x150.png 150w, https:\/\/www.colectivoayekantun.cl\/wp-content\/uploads\/2023\/10\/colaboraciones-1-768x768.png 768w, https:\/\/www.colectivoayekantun.cl\/wp-content\/uploads\/2023\/10\/colaboraciones-1-600x600.png 600w, https:\/\/www.colectivoayekantun.cl\/wp-content\/uploads\/2023\/10\/colaboraciones-1.png 900w\" sizes=\"(max-width: 300px) 100vw, 300px\" \/>\n\t\t<div class=\"figc no-description\">\n\t\t\t<div class=\"figc-inner\">\n\t\t\t\t\t\t\t\t\t\t\t\t\t\t\t<\/div>\n\t\t<\/div>\n\n\t<\/div>\n\n<\/div>\t\t\n\t<\/div>\n\n\t\n\t\n\t<script type=\"application\/ld+json\">\n\t{\n\t\t\"@context\": \"http:\/\/schema.org\",\n\t\t\"@type\"   : \"ImageGallery\",\n\t\t\"id\"      : \"https:\/\/www.colectivoayekantun.cl\/wp-json\/wp\/v2\/pages\/2\",\n\t\t\"url\"     : \"https:\/\/www.colectivoayekantun.cl\/wp-json\/wp\/v2\/pages\/2\"\n\t}\n\n    <\/script>\n\n\t\n<\/div><\/div>\r\n<div dir=\"ltr\" data-mode=\"id\">\u00a0<\/div>\r\n<h2 style=\"text-align: center;\"><strong><span style=\"color: #003366;\">\u2018AFLUENTES DEL RAWE\u2019: <br \/><\/span><\/strong><strong><span style=\"color: #003366;\">Un encuentro para el territorio cultural en Osorno<\/span><\/strong><\/h2>\r\n<p>Entre el 31 de octubre al 4 de noviembre se realizar\u00e1 en Osorno la actividad cultural <strong>\u2018Afluentes del Rawe\u2019<\/strong> organizado por el <strong>Colectivo Ayekantun<\/strong>.<br \/><br \/>Durante 5 d\u00edas se reunir\u00e1n en la <strong>Plaza Yungay de Osorno<\/strong> m\u00e1s de una veintena de expositores convocados a compartir su trabajo y conocimiento en torno a \u2018<strong>Alfluentes del Rawe\u2019<\/strong>, un encuentro cultural de car\u00e1cter p\u00fablico y de acceso gratuito a la comunidad.<\/p>\r\n<p>Se realizar\u00e1n talleres, conservatorios, performances musicales y po\u00e9ticas en torno a diversas tem\u00e1ticas que cruzan el territorio. El d\u00eda de apertura, martes 31 de octubre, es el d\u00eda dedicado a la <strong>Infancia<\/strong>, el mi\u00e9rcoles 1 de noviembre el de las <strong>Culturas Ancestrales<\/strong>, el d\u00eda jueves 2 de noviembre del <strong>Medioambiente<\/strong>, el viernes 3 de noviembre de la <strong>Cultura Hip Hop<\/strong> y el s\u00e1bado 4 de noviembre, de las <strong>Artes y Oficios<\/strong>, y cierre del evento.<\/p>\r\n<p>El <strong>Colectivo Ayekantun<\/strong> (<a href=\"http:\/\/www.colectivoayekantun.cl\" target=\"_blank\" rel=\"noopener\">www.colectivoayekantun.cl<\/a>), es una red de artistas y gestores de Rawe-Osorno que promueve a trav\u00e9s de acciones educativas, art\u00edsticas y territoriales, la puesta en valor, fomento y difusi\u00f3n de la pluralidad identitaria, art\u00edstica, patrimonial y cultural en las comunidades insertas en el gran tejido del territorio sur.<\/p>\r\n<p><strong>\u2018Afluentes del Rawe\u2019<\/strong> tiene por objetivo dar visibilidad y crear di\u00e1logos en torno a los diversos aspectos culturales que cruzan y conforman el espacio geogr\u00e1fico de <strong>Chaurakawin-Osorno<\/strong>.<\/p>\r\n<p>El <strong>Colectivo Ayekantun<\/strong> invita a la comunidad a ser parte de este encuentro y a construir juntos di\u00e1logos culturales en los espacios p\u00fablicos de nuestra ciudad.<\/p>\r\n<p><strong>Para m\u00e1s informaci\u00f3n:<\/strong><\/p>\r\n<p>Colectivo Ayekantun +56 9 9783 7343 \/ +56 9 65882104 <br \/><a href=\"mailto:agrupacion.ayekantun@gmail.com\" target=\"_blank\" rel=\"noopener\">agrupacion.ayekantun@gmail.com<\/a><br \/><a href=\"https:\/\/www.instagram.com\/colectivo.ayekantun\/\" target=\"_blank\" rel=\"noopener\">@colectivo.ayekantun<\/a> <br \/><a href=\"http:\/\/www.colectivoayekantun.cl\" target=\"_blank\" rel=\"noopener\">www.colectivoayekantun.cl<\/a><\/p>\r\n<p>&nbsp;<\/p>\r\n<p><strong>Descargar Comunicado de Prensa: <\/strong><a href=\"https:\/\/www.colectivoayekantun.cl\/wp-content\/uploads\/2023\/10\/comunicado_de_prensa_afluentes.pdf\" target=\"_blank\" rel=\"noopener\"><strong>Anuncio de Evento &#8216;Afluentes del Rawe&#8217;<\/strong><\/a><\/p>\r\n<h3>\u00a0<\/h3>\r\n<h3 style=\"text-align: center;\"><strong>Inmersi\u00f3n en el Territorio sociocultural del Sur<\/strong><\/h3>\r\n\r\n<p><img loading=\"lazy\" decoding=\"async\" class=\"size-medium wp-image-238 aligncenter\" src=\"https:\/\/www.colectivoayekantun.cl\/wp-content\/uploads\/2023\/04\/Captura-de-pantalla-2023-04-23-a-las-20.32.54-300x229.png\" alt=\"\" width=\"300\" height=\"229\" srcset=\"https:\/\/www.colectivoayekantun.cl\/wp-content\/uploads\/2023\/04\/Captura-de-pantalla-2023-04-23-a-las-20.32.54-300x229.png 300w, https:\/\/www.colectivoayekantun.cl\/wp-content\/uploads\/2023\/04\/Captura-de-pantalla-2023-04-23-a-las-20.32.54.png 619w\" sizes=\"auto, (max-width: 300px) 100vw, 300px\" \/><br \/><strong>Ayekantun, <\/strong>del mapunchezugun &#8216;<strong>disposici\u00f3n colectiva, de caracter recreativo, festivo y arm\u00f3nico&#8217;.<\/strong><\/p>\r\n<p>Es una <strong>Red Cultural de artistas y gestores de Rawe &#8211; Osorno<\/strong> que promueve a trav\u00e9s de a<strong>cciones educativas, art\u00edsticas y territoriales<\/strong>, la puesta en valor, fomento y difusi\u00f3n de la <strong>pluralidad identitaria, art\u00edstica, patrimonial y cultural<\/strong> en las comunidades insertas en el gran tejido del territorio sur.<\/p>\r\n<p>&nbsp;<\/p>\r\n<p>&nbsp;<\/p>\r\n","protected":false},"excerpt":{"rendered":"<p>AFLUENTES DEL RAWE PROGRAMACI\u00d3N \u00a0 \u00a0 \u2018AFLUENTES DEL RAWE\u2019: Un encuentro para el territorio cultural en Osorno Entre el 31 de octubre al 4 de noviembre se realizar\u00e1 en Osorno la actividad cultural \u2018Afluentes del Rawe\u2019 organizado por el Colectivo Ayekantun. Durante 5 d\u00edas se reunir\u00e1n en la Plaza Yungay de Osorno m\u00e1s de una [&hellip;]<\/p>\n","protected":false},"author":1,"featured_media":0,"parent":0,"menu_order":0,"comment_status":"closed","ping_status":"open","template":"","meta":{"footnotes":""},"class_list":["post-2","page","type-page","status-publish","hentry","entry"],"_links":{"self":[{"href":"https:\/\/www.colectivoayekantun.cl\/index.php\/wp-json\/wp\/v2\/pages\/2","targetHints":{"allow":["GET"]}}],"collection":[{"href":"https:\/\/www.colectivoayekantun.cl\/index.php\/wp-json\/wp\/v2\/pages"}],"about":[{"href":"https:\/\/www.colectivoayekantun.cl\/index.php\/wp-json\/wp\/v2\/types\/page"}],"author":[{"embeddable":true,"href":"https:\/\/www.colectivoayekantun.cl\/index.php\/wp-json\/wp\/v2\/users\/1"}],"replies":[{"embeddable":true,"href":"https:\/\/www.colectivoayekantun.cl\/index.php\/wp-json\/wp\/v2\/comments?post=2"}],"version-history":[{"count":10,"href":"https:\/\/www.colectivoayekantun.cl\/index.php\/wp-json\/wp\/v2\/pages\/2\/revisions"}],"predecessor-version":[{"id":340,"href":"https:\/\/www.colectivoayekantun.cl\/index.php\/wp-json\/wp\/v2\/pages\/2\/revisions\/340"}],"wp:attachment":[{"href":"https:\/\/www.colectivoayekantun.cl\/index.php\/wp-json\/wp\/v2\/media?parent=2"}],"curies":[{"name":"wp","href":"https:\/\/api.w.org\/{rel}","templated":true}]}}